{"id":462,"date":"2026-02-04T15:21:46","date_gmt":"2026-02-04T15:21:46","guid":{"rendered":"https:\/\/sm-fx.hclm49.fr\/?page_id=462"},"modified":"2026-02-04T16:26:10","modified_gmt":"2026-02-04T16:26:10","slug":"evenements-religieux","status":"publish","type":"page","link":"https:\/\/sm-fx.hclm49.fr\/index.php\/evenements-religieux\/","title":{"rendered":"Ev\u00e8nements religieux"},"content":{"rendered":"\t\t<div data-elementor-type=\"wp-page\" data-elementor-id=\"462\" class=\"elementor elementor-462\">\n\t\t\t\t<div class=\"elementor-element elementor-element-7b3e7f0 e-con-full e-flex e-con e-parent\" data-id=\"7b3e7f0\" data-element_type=\"container\">\n\t\t\t\t<div class=\"elementor-element elementor-element-4cbe80b elementor-widget elementor-widget-heading\" data-id=\"4cbe80b\" data-element_type=\"widget\" data-widget_type=\"heading.default\">\n\t\t\t\t\t<h2 class=\"elementor-heading-title elementor-size-default\">\u00c9v\u00e8nements religieux<\/h2>\t\t\t\t<\/div>\n\t\t\t\t<\/div>\n\t\t<div class=\"elementor-element elementor-element-9be3c17 e-flex e-con-boxed e-con e-parent\" data-id=\"9be3c17\" data-element_type=\"container\">\n\t\t\t\t\t<div class=\"e-con-inner\">\n\t\t\t\t<div class=\"elementor-element elementor-element-8576aca elementor-widget elementor-widget-heading\" data-id=\"8576aca\" data-element_type=\"widget\" data-widget_type=\"heading.default\">\n\t\t\t\t\t<h3 class=\"elementor-heading-title elementor-size-default\">C\u00e9r\u00e9monies, abjuration, ...<\/h3>\t\t\t\t<\/div>\n\t\t\t\t\t<\/div>\n\t\t\t\t<\/div>\n\t\t<div class=\"elementor-element elementor-element-b9ab3ea e-flex e-con-boxed e-con e-parent\" data-id=\"b9ab3ea\" data-element_type=\"container\">\n\t\t\t\t\t<div class=\"e-con-inner\">\n\t\t<div class=\"elementor-element elementor-element-eb1ecb3 e-grid e-con-full e-con e-child\" data-id=\"eb1ecb3\" data-element_type=\"container\">\n\t\t<div class=\"elementor-element elementor-element-9dc574f e-con-full e-flex e-con e-child\" data-id=\"9dc574f\" data-element_type=\"container\">\n\t\t\t\t<div class=\"elementor-element elementor-element-aa20f0f elementor-widget__width-initial elementor-widget elementor-widget-image\" data-id=\"aa20f0f\" data-element_type=\"widget\" data-widget_type=\"image.default\">\n\t\t\t\t\t\t\t\t\t\t\t\t\t\t\t<img decoding=\"async\" src=\"https:\/\/sm-fx.hclm49.fr\/wp-content\/uploads\/2026\/02\/abjuration-henri-IV.jpg\" title=\"abjuration-henri-IV\" alt=\"abjuration-henri-IV\" loading=\"lazy\" \/>\t\t\t\t\t\t\t\t\t\t\t\t\t\t\t<\/div>\n\t\t\t\t<div class=\"elementor-element elementor-element-a6d602a elementor-widget elementor-widget-heading\" data-id=\"a6d602a\" data-element_type=\"widget\" data-widget_type=\"heading.default\">\n\t\t\t\t\t<h5 class=\"elementor-heading-title elementor-size-default\">Une abjuration en toute discr\u00e9tion \u00e0 Saint-Martin-du-Fouilloux<\/h5>\t\t\t\t<\/div>\n\t\t\t\t<div class=\"elementor-element elementor-element-95714ce elementor-widget__width-initial elementor-widget elementor-widget-text-editor\" data-id=\"95714ce\" data-element_type=\"widget\" data-widget_type=\"text-editor.default\">\n\t\t\t\t\t\t\t\t\t<p>L\u00e9ontine-Val\u00e9rie Rousseau de la Brosse est la fille de Lucien, propri\u00e9taire du ch\u00e2teau de Varennes \u00e0 Savenni\u00e8res. Son \u00e9pouse anglaise a \u00e9duqu\u00e9 ses enfants dans la religion protestante. Mais L\u00e9ontine doit \u00e9pouser en l\u2019\u00e9glise catholique de Savenni\u00e8res, le 2 octobre 1855, un aristocrate breton, Joseph de Kergariou. D\u2019o\u00f9, quatre semaines avant, cette tr\u00e8s discr\u00e8te c\u00e9r\u00e9monie d\u2019abjuration dans la tr\u00e8s modeste \u00e9glise de Saint-Martin-du-Fouilloux.<\/p>\t\t\t\t\t\t\t\t<\/div>\n\t\t\t\t<div class=\"elementor-element elementor-element-041ccca elementor-align-center elementor-widget elementor-widget-button\" data-id=\"041ccca\" data-element_type=\"widget\" data-widget_type=\"button.default\">\n\t\t\t\t\t\t\t\t\t\t<a class=\"elementor-button elementor-button-link elementor-size-sm\" href=\"https:\/\/sm-fx.hclm49.fr\/wp-content\/uploads\/2026\/02\/201025_Une-abjuration_Saint-Martin.pdf\" target=\"_blank\">\n\t\t\t\t\t\t<span class=\"elementor-button-content-wrapper\">\n\t\t\t\t\t\t\t\t\t<span class=\"elementor-button-text\">Pour en savoir plus<\/span>\n\t\t\t\t\t<\/span>\n\t\t\t\t\t<\/a>\n\t\t\t\t\t\t\t\t<\/div>\n\t\t\t\t<\/div>\n\t\t\t\t<\/div>\n\t\t\t\t\t<\/div>\n\t\t\t\t<\/div>\n\t\t\t\t<\/div>\n\t\t","protected":false},"excerpt":{"rendered":"<p>\u00c9v\u00e8nements religieux C\u00e9r\u00e9monies, abjuration, &#8230; Une abjuration en toute discr\u00e9tion \u00e0 Saint-Martin-du-Fouilloux L\u00e9ontine-Val\u00e9rie Rousseau de la Brosse est la fille [&hellip;]<\/p>\n","protected":false},"author":1,"featured_media":0,"parent":0,"menu_order":0,"comment_status":"closed","ping_status":"closed","template":"","meta":{"site-sidebar-layout":"no-sidebar","site-content-layout":"","ast-site-content-layout":"full-width-container","site-content-style":"default","site-sidebar-style":"default","ast-global-header-display":"","ast-banner-title-visibility":"","ast-main-header-display":"","ast-hfb-above-header-display":"","ast-hfb-below-header-display":"","ast-hfb-mobile-header-display":"","site-post-title":"disabled","ast-breadcrumbs-content":"","ast-featured-img":"disabled","footer-sml-layout":"","theme-transparent-header-meta":"","adv-header-id-meta":"","stick-header-meta":"","header-above-stick-meta":"","header-main-stick-meta":"","header-below-stick-meta":"","astra-migrate-meta-layouts":"default","ast-page-background-enabled":"default","ast-page-background-meta":{"desktop":{"background-color":"var(--ast-global-color-5)","background-image":"","background-repeat":"repeat","background-position":"center center","background-size":"auto","background-attachment":"scroll","background-type":"","background-media":"","overlay-type":"","overlay-color":"","overlay-opacity":"","overlay-gradient":""},"tablet":{"background-color":"","background-image":"","background-repeat":"repeat","background-position":"center center","background-size":"auto","background-attachment":"scroll","background-type":"","background-media":"","overlay-type":"","overlay-color":"","overlay-opacity":"","overlay-gradient":""},"mobile":{"background-color":"","background-image":"","background-repeat":"repeat","background-position":"center center","background-size":"auto","background-attachment":"scroll","background-type":"","background-media":"","overlay-type":"","overlay-color":"","overlay-opacity":"","overlay-gradient":""}},"ast-content-background-meta":{"desktop":{"background-color":"var(--ast-global-color-4)","background-image":"","background-repeat":"repeat","background-position":"center center","background-size":"auto","background-attachment":"scroll","background-type":"","background-media":"","overlay-type":"","overlay-color":"","overlay-opacity":"","overlay-gradient":""},"tablet":{"background-color":"var(--ast-global-color-4)","background-image":"","background-repeat":"repeat","background-position":"center center","background-size":"auto","background-attachment":"scroll","background-type":"","background-media":"","overlay-type":"","overlay-color":"","overlay-opacity":"","overlay-gradient":""},"mobile":{"background-color":"var(--ast-global-color-4)","background-image":"","background-repeat":"repeat","background-position":"center center","background-size":"auto","background-attachment":"scroll","background-type":"","background-media":"","overlay-type":"","overlay-color":"","overlay-opacity":"","overlay-gradient":""}},"footnotes":""},"class_list":["post-462","page","type-page","status-publish","hentry"],"_links":{"self":[{"href":"https:\/\/sm-fx.hclm49.fr\/index.php\/wp-json\/wp\/v2\/pages\/462","targetHints":{"allow":["GET"]}}],"collection":[{"href":"https:\/\/sm-fx.hclm49.fr\/index.php\/wp-json\/wp\/v2\/pages"}],"about":[{"href":"https:\/\/sm-fx.hclm49.fr\/index.php\/wp-json\/wp\/v2\/types\/page"}],"author":[{"embeddable":true,"href":"https:\/\/sm-fx.hclm49.fr\/index.php\/wp-json\/wp\/v2\/users\/1"}],"replies":[{"embeddable":true,"href":"https:\/\/sm-fx.hclm49.fr\/index.php\/wp-json\/wp\/v2\/comments?post=462"}],"version-history":[{"count":10,"href":"https:\/\/sm-fx.hclm49.fr\/index.php\/wp-json\/wp\/v2\/pages\/462\/revisions"}],"predecessor-version":[{"id":491,"href":"https:\/\/sm-fx.hclm49.fr\/index.php\/wp-json\/wp\/v2\/pages\/462\/revisions\/491"}],"wp:attachment":[{"href":"https:\/\/sm-fx.hclm49.fr\/index.php\/wp-json\/wp\/v2\/media?parent=462"}],"curies":[{"name":"wp","href":"https:\/\/api.w.org\/{rel}","templated":true}]}}