{"id":421,"date":"2025-12-28T16:30:29","date_gmt":"2025-12-28T16:30:29","guid":{"rendered":"https:\/\/sm-fx.hclm49.fr\/?page_id=421"},"modified":"2025-12-28T17:38:17","modified_gmt":"2025-12-28T17:38:17","slug":"demographie-2","status":"publish","type":"page","link":"https:\/\/sm-fx.hclm49.fr\/index.php\/demographie-2\/","title":{"rendered":"D\u00e9mographie"},"content":{"rendered":"\t\t<div data-elementor-type=\"wp-page\" data-elementor-id=\"421\" class=\"elementor elementor-421\">\n\t\t\t\t<div class=\"elementor-element elementor-element-7b3e7f0 e-con-full e-flex e-con e-parent\" data-id=\"7b3e7f0\" data-element_type=\"container\">\n\t\t\t\t<div class=\"elementor-element elementor-element-4cbe80b elementor-widget elementor-widget-heading\" data-id=\"4cbe80b\" data-element_type=\"widget\" data-widget_type=\"heading.default\">\n\t\t\t\t\t<h2 class=\"elementor-heading-title elementor-size-default\">El\u00e9ments de d\u00e9mographie<\/h2>\t\t\t\t<\/div>\n\t\t\t\t<\/div>\n\t\t<div class=\"elementor-element elementor-element-9be3c17 e-flex e-con-boxed e-con e-parent\" data-id=\"9be3c17\" data-element_type=\"container\">\n\t\t\t\t\t<div class=\"e-con-inner\">\n\t\t\t\t<div class=\"elementor-element elementor-element-8576aca elementor-widget elementor-widget-heading\" data-id=\"8576aca\" data-element_type=\"widget\" data-widget_type=\"heading.default\">\n\t\t\t\t\t<h3 class=\"elementor-heading-title elementor-size-default\">Cette page, contient des informations sur les \u00e9volutions de population de la commune.<\/h3>\t\t\t\t<\/div>\n\t\t\t\t\t<\/div>\n\t\t\t\t<\/div>\n\t\t<div class=\"elementor-element elementor-element-b9ab3ea e-flex e-con-boxed e-con e-parent\" data-id=\"b9ab3ea\" data-element_type=\"container\">\n\t\t\t\t\t<div class=\"e-con-inner\">\n\t\t<div class=\"elementor-element elementor-element-eb1ecb3 e-grid e-con-full e-con e-child\" data-id=\"eb1ecb3\" data-element_type=\"container\">\n\t\t<div class=\"elementor-element elementor-element-9dc574f e-con-full e-flex e-con e-child\" data-id=\"9dc574f\" data-element_type=\"container\">\n\t\t\t\t<div class=\"elementor-element elementor-element-aa20f0f elementor-widget elementor-widget-image\" data-id=\"aa20f0f\" data-element_type=\"widget\" data-widget_type=\"image.default\">\n\t\t\t\t\t\t\t\t\t\t\t\t\t\t\t<img fetchpriority=\"high\" decoding=\"async\" width=\"723\" height=\"364\" src=\"https:\/\/sm-fx.hclm49.fr\/wp-content\/uploads\/2025\/10\/curieux-cures.jpg\" class=\"attachment-large size-large wp-image-265\" alt=\"Utilis\u00e9 dans portraits\" srcset=\"https:\/\/sm-fx.hclm49.fr\/wp-content\/uploads\/2025\/10\/curieux-cures.jpg 723w, https:\/\/sm-fx.hclm49.fr\/wp-content\/uploads\/2025\/10\/curieux-cures-300x151.jpg 300w\" sizes=\"(max-width: 723px) 100vw, 723px\" \/>\t\t\t\t\t\t\t\t\t\t\t\t\t\t\t<\/div>\n\t\t\t\t<div class=\"elementor-element elementor-element-a6d602a elementor-widget elementor-widget-heading\" data-id=\"a6d602a\" data-element_type=\"widget\" data-widget_type=\"heading.default\">\n\t\t\t\t\t<h5 class=\"elementor-heading-title elementor-size-default\">3 si\u00e8cles d'observations sur la naissance et la mort, sur la sant\u00e9 et ses services<\/h5>\t\t\t\t<\/div>\n\t\t\t\t<div class=\"elementor-element elementor-element-95714ce elementor-widget elementor-widget-text-editor\" data-id=\"95714ce\" data-element_type=\"widget\" data-widget_type=\"text-editor.default\">\n\t\t\t\t\t\t\t\t\t<p>Entre 1700 et 2000, la mortalit\u00e9 \u00e0 la naissance a diminu\u00e9 et la proportion de personnes \u00e2g\u00e9es a augment\u00e9.<\/p><p>L&#8217;acc\u00e8s aux soins a progress\u00e9.<\/p><p>Le texte propos\u00e9 donne des informations quantitatives \u00e0 ce sujet.<\/p>\t\t\t\t\t\t\t\t<\/div>\n\t\t\t\t<div class=\"elementor-element elementor-element-041ccca elementor-align-center elementor-widget elementor-widget-button\" data-id=\"041ccca\" data-element_type=\"widget\" data-widget_type=\"button.default\">\n\t\t\t\t\t\t\t\t\t\t<a class=\"elementor-button elementor-button-link elementor-size-sm\" href=\"https:\/\/sm-fx.hclm49.fr\/wp-content\/uploads\/2025\/12\/Naitre-resume.pdf\" target=\"_blank\">\n\t\t\t\t\t\t<span class=\"elementor-button-content-wrapper\">\n\t\t\t\t\t\t\t\t\t<span class=\"elementor-button-text\">Pour en savoir plus<\/span>\n\t\t\t\t\t<\/span>\n\t\t\t\t\t<\/a>\n\t\t\t\t\t\t\t\t<\/div>\n\t\t\t\t<\/div>\n\t\t\t\t<\/div>\n\t\t\t\t\t<\/div>\n\t\t\t\t<\/div>\n\t\t\t\t<\/div>\n\t\t","protected":false},"excerpt":{"rendered":"<p>El\u00e9ments de d\u00e9mographie Cette page, contient des informations sur les \u00e9volutions de population de la commune. 3 si\u00e8cles d&#8217;observations sur [&hellip;]<\/p>\n","protected":false},"author":1,"featured_media":0,"parent":0,"menu_order":0,"comment_status":"closed","ping_status":"closed","template":"","meta":{"site-sidebar-layout":"no-sidebar","site-content-layout":"","ast-site-content-layout":"full-width-container","site-content-style":"default","site-sidebar-style":"default","ast-global-header-display":"","ast-banner-title-visibility":"","ast-main-header-display":"","ast-hfb-above-header-display":"","ast-hfb-below-header-display":"","ast-hfb-mobile-header-display":"","site-post-title":"disabled","ast-breadcrumbs-content":"","ast-featured-img":"disabled","footer-sml-layout":"","theme-transparent-header-meta":"","adv-header-id-meta":"","stick-header-meta":"","header-above-stick-meta":"","header-main-stick-meta":"","header-below-stick-meta":"","astra-migrate-meta-layouts":"default","ast-page-background-enabled":"default","ast-page-background-meta":{"desktop":{"background-color":"var(--ast-global-color-5)","background-image":"","background-repeat":"repeat","background-position":"center center","background-size":"auto","background-attachment":"scroll","background-type":"","background-media":"","overlay-type":"","overlay-color":"","overlay-opacity":"","overlay-gradient":""},"tablet":{"background-color":"","background-image":"","background-repeat":"repeat","background-position":"center center","background-size":"auto","background-attachment":"scroll","background-type":"","background-media":"","overlay-type":"","overlay-color":"","overlay-opacity":"","overlay-gradient":""},"mobile":{"background-color":"","background-image":"","background-repeat":"repeat","background-position":"center center","background-size":"auto","background-attachment":"scroll","background-type":"","background-media":"","overlay-type":"","overlay-color":"","overlay-opacity":"","overlay-gradient":""}},"ast-content-background-meta":{"desktop":{"background-color":"var(--ast-global-color-4)","background-image":"","background-repeat":"repeat","background-position":"center center","background-size":"auto","background-attachment":"scroll","background-type":"","background-media":"","overlay-type":"","overlay-color":"","overlay-opacity":"","overlay-gradient":""},"tablet":{"background-color":"var(--ast-global-color-4)","background-image":"","background-repeat":"repeat","background-position":"center center","background-size":"auto","background-attachment":"scroll","background-type":"","background-media":"","overlay-type":"","overlay-color":"","overlay-opacity":"","overlay-gradient":""},"mobile":{"background-color":"var(--ast-global-color-4)","background-image":"","background-repeat":"repeat","background-position":"center center","background-size":"auto","background-attachment":"scroll","background-type":"","background-media":"","overlay-type":"","overlay-color":"","overlay-opacity":"","overlay-gradient":""}},"footnotes":""},"class_list":["post-421","page","type-page","status-publish","hentry"],"_links":{"self":[{"href":"https:\/\/sm-fx.hclm49.fr\/index.php\/wp-json\/wp\/v2\/pages\/421","targetHints":{"allow":["GET"]}}],"collection":[{"href":"https:\/\/sm-fx.hclm49.fr\/index.php\/wp-json\/wp\/v2\/pages"}],"about":[{"href":"https:\/\/sm-fx.hclm49.fr\/index.php\/wp-json\/wp\/v2\/types\/page"}],"author":[{"embeddable":true,"href":"https:\/\/sm-fx.hclm49.fr\/index.php\/wp-json\/wp\/v2\/users\/1"}],"replies":[{"embeddable":true,"href":"https:\/\/sm-fx.hclm49.fr\/index.php\/wp-json\/wp\/v2\/comments?post=421"}],"version-history":[{"count":10,"href":"https:\/\/sm-fx.hclm49.fr\/index.php\/wp-json\/wp\/v2\/pages\/421\/revisions"}],"predecessor-version":[{"id":441,"href":"https:\/\/sm-fx.hclm49.fr\/index.php\/wp-json\/wp\/v2\/pages\/421\/revisions\/441"}],"wp:attachment":[{"href":"https:\/\/sm-fx.hclm49.fr\/index.php\/wp-json\/wp\/v2\/media?parent=421"}],"curies":[{"name":"wp","href":"https:\/\/api.w.org\/{rel}","templated":true}]}}