{"id":259,"date":"2025-10-14T08:28:15","date_gmt":"2025-10-14T08:28:15","guid":{"rendered":"http:\/\/sm-fx.hclm49.fr\/?page_id=259"},"modified":"2025-10-22T13:44:42","modified_gmt":"2025-10-22T13:44:42","slug":"portraits-2","status":"publish","type":"page","link":"https:\/\/sm-fx.hclm49.fr\/index.php\/portraits-2\/","title":{"rendered":"Portraits"},"content":{"rendered":"\t\t<div data-elementor-type=\"wp-page\" data-elementor-id=\"259\" class=\"elementor elementor-259\">\n\t\t\t\t<div class=\"elementor-element elementor-element-7b3e7f0 e-con-full e-flex e-con e-parent\" data-id=\"7b3e7f0\" data-element_type=\"container\">\n\t\t\t\t<div class=\"elementor-element elementor-element-4cbe80b elementor-widget elementor-widget-heading\" data-id=\"4cbe80b\" data-element_type=\"widget\" data-widget_type=\"heading.default\">\n\t\t\t\t\t<h2 class=\"elementor-heading-title elementor-size-default\">Portraits<\/h2>\t\t\t\t<\/div>\n\t\t\t\t<\/div>\n\t\t<div class=\"elementor-element elementor-element-9be3c17 e-flex e-con-boxed e-con e-parent\" data-id=\"9be3c17\" data-element_type=\"container\">\n\t\t\t\t\t<div class=\"e-con-inner\">\n\t\t\t\t<div class=\"elementor-element elementor-element-8576aca elementor-widget elementor-widget-heading\" data-id=\"8576aca\" data-element_type=\"widget\" data-widget_type=\"heading.default\">\n\t\t\t\t\t<h3 class=\"elementor-heading-title elementor-size-default\">Personnages illustres ou simples habitants, d\u00e9couvrez la vie de celles et ceux qui ont fait notre village.<\/h3>\t\t\t\t<\/div>\n\t\t\t\t\t<\/div>\n\t\t\t\t<\/div>\n\t\t<div class=\"elementor-element elementor-element-b9ab3ea e-flex e-con-boxed e-con e-parent\" data-id=\"b9ab3ea\" data-element_type=\"container\">\n\t\t\t\t\t<div class=\"e-con-inner\">\n\t\t<div class=\"elementor-element elementor-element-eb1ecb3 e-grid e-con-full e-con e-child\" data-id=\"eb1ecb3\" data-element_type=\"container\">\n\t\t<div class=\"elementor-element elementor-element-9dc574f e-con-full e-flex e-con e-child\" data-id=\"9dc574f\" data-element_type=\"container\">\n\t\t\t\t<div class=\"elementor-element elementor-element-aa20f0f elementor-widget elementor-widget-image\" data-id=\"aa20f0f\" data-element_type=\"widget\" data-widget_type=\"image.default\">\n\t\t\t\t\t\t\t\t\t\t\t\t\t\t\t<img fetchpriority=\"high\" decoding=\"async\" width=\"723\" height=\"364\" src=\"https:\/\/sm-fx.hclm49.fr\/wp-content\/uploads\/2025\/10\/curieux-cures.jpg\" class=\"attachment-large size-large wp-image-265\" alt=\"Utilis\u00e9 dans portraits\" srcset=\"https:\/\/sm-fx.hclm49.fr\/wp-content\/uploads\/2025\/10\/curieux-cures.jpg 723w, https:\/\/sm-fx.hclm49.fr\/wp-content\/uploads\/2025\/10\/curieux-cures-300x151.jpg 300w\" sizes=\"(max-width: 723px) 100vw, 723px\" \/>\t\t\t\t\t\t\t\t\t\t\t\t\t\t\t<\/div>\n\t\t\t\t<div class=\"elementor-element elementor-element-a6d602a elementor-widget elementor-widget-heading\" data-id=\"a6d602a\" data-element_type=\"widget\" data-widget_type=\"heading.default\">\n\t\t\t\t\t<h5 class=\"elementor-heading-title elementor-size-default\">Les curieux cur\u00e9s du Petit-Paris<\/h5>\t\t\t\t<\/div>\n\t\t\t\t<div class=\"elementor-element elementor-element-95714ce elementor-widget elementor-widget-text-editor\" data-id=\"95714ce\" data-element_type=\"widget\" data-widget_type=\"text-editor.default\">\n\t\t\t\t\t\t\t\t\t<p>Entre 1467 et 1791, 27 cur\u00e9s ont \u00e9t\u00e9 identifi\u00e9s. Certains d&#8217;entre eux attirent plus sp\u00e9cialement la curiosit\u00e9 tels Mathurin Rompion\u00a0 et Jean-Antoine Perrot.<\/p><p>\u00a0<\/p>\t\t\t\t\t\t\t\t<\/div>\n\t\t\t\t<div class=\"elementor-element elementor-element-041ccca elementor-align-center elementor-widget elementor-widget-button\" data-id=\"041ccca\" data-element_type=\"widget\" data-widget_type=\"button.default\">\n\t\t\t\t\t\t\t\t\t\t<a class=\"elementor-button elementor-button-link elementor-size-sm\" href=\"https:\/\/sm-fx.hclm49.fr\/wp-content\/uploads\/2025\/10\/HCLM_B39_10_Curieux-cures-du-Petit-Paris.pdf\" target=\"_blank\">\n\t\t\t\t\t\t<span class=\"elementor-button-content-wrapper\">\n\t\t\t\t\t\t\t\t\t<span class=\"elementor-button-text\">Pour en savoir plus<\/span>\n\t\t\t\t\t<\/span>\n\t\t\t\t\t<\/a>\n\t\t\t\t\t\t\t\t<\/div>\n\t\t\t\t<\/div>\n\t\t<div class=\"elementor-element elementor-element-b25c836 e-con-full e-flex e-con e-child\" data-id=\"b25c836\" data-element_type=\"container\">\n\t\t\t\t<div class=\"elementor-element elementor-element-0e0eab4 elementor-widget elementor-widget-image\" data-id=\"0e0eab4\" data-element_type=\"widget\" data-widget_type=\"image.default\">\n\t\t\t\t\t\t\t\t\t\t\t\t\t\t\t<img decoding=\"async\" width=\"1024\" height=\"561\" src=\"https:\/\/sm-fx.hclm49.fr\/wp-content\/uploads\/2025\/10\/premier-maire-1024x561.jpg\" class=\"attachment-large size-large wp-image-286\" alt=\"\" srcset=\"https:\/\/sm-fx.hclm49.fr\/wp-content\/uploads\/2025\/10\/premier-maire-1024x561.jpg 1024w, https:\/\/sm-fx.hclm49.fr\/wp-content\/uploads\/2025\/10\/premier-maire-300x164.jpg 300w, https:\/\/sm-fx.hclm49.fr\/wp-content\/uploads\/2025\/10\/premier-maire-768x421.jpg 768w, https:\/\/sm-fx.hclm49.fr\/wp-content\/uploads\/2025\/10\/premier-maire.jpg 1062w\" sizes=\"(max-width: 1024px) 100vw, 1024px\" \/>\t\t\t\t\t\t\t\t\t\t\t\t\t\t\t<\/div>\n\t\t\t\t<div class=\"elementor-element elementor-element-020dbc0 elementor-widget elementor-widget-heading\" data-id=\"020dbc0\" data-element_type=\"widget\" data-widget_type=\"heading.default\">\n\t\t\t\t\t<h5 class=\"elementor-heading-title elementor-size-default\">Les maires de 1800 \u00e0 1995<\/h5>\t\t\t\t<\/div>\n\t\t\t\t<div class=\"elementor-element elementor-element-14bc060 elementor-widget elementor-widget-text-editor\" data-id=\"14bc060\" data-element_type=\"widget\" data-widget_type=\"text-editor.default\">\n\t\t\t\t\t\t\t\t\t<p>Deux textes \u00e9voquent les maires depuis la deuxi\u00e8me grande loi municipale de 1800.<\/p><p>Ceux de la p\u00e9riode r\u00e9volutionnaire (1789-1800) seront mentionn\u00e9s bri\u00e8vement.<\/p>\t\t\t\t\t\t\t\t<\/div>\n\t\t\t\t<div class=\"elementor-element elementor-element-7241dd4 elementor-align-center elementor-widget elementor-widget-button\" data-id=\"7241dd4\" data-element_type=\"widget\" data-widget_type=\"button.default\">\n\t\t\t\t\t\t\t\t\t\t<a class=\"elementor-button elementor-button-link elementor-size-sm\" href=\"https:\/\/sm-fx.hclm49.fr\/wp-content\/uploads\/2025\/10\/HCLM_B43_9_Les-maires-de-Saint-Martin-de-1800-a-1995.pdf\" target=\"_blank\">\n\t\t\t\t\t\t<span class=\"elementor-button-content-wrapper\">\n\t\t\t\t\t\t\t\t\t<span class=\"elementor-button-text\">Pour lire le texte 1<\/span>\n\t\t\t\t\t<\/span>\n\t\t\t\t\t<\/a>\n\t\t\t\t\t\t\t\t<\/div>\n\t\t\t\t<div class=\"elementor-element elementor-element-f6075e4 elementor-align-center elementor-widget elementor-widget-button\" data-id=\"f6075e4\" data-element_type=\"widget\" data-widget_type=\"button.default\">\n\t\t\t\t\t\t\t\t\t\t<a class=\"elementor-button elementor-button-link elementor-size-sm\" href=\"https:\/\/sm-fx.hclm49.fr\/wp-content\/uploads\/2025\/10\/HCLM_B44_7_Les-maires-de-St-Martin-de-1800-a-1995-suite.pdf\" target=\"_blank\">\n\t\t\t\t\t\t<span class=\"elementor-button-content-wrapper\">\n\t\t\t\t\t\t\t\t\t<span class=\"elementor-button-text\">Pour lire le texte 2<\/span>\n\t\t\t\t\t<\/span>\n\t\t\t\t\t<\/a>\n\t\t\t\t\t\t\t\t<\/div>\n\t\t\t\t<\/div>\n\t\t<div class=\"elementor-element elementor-element-64a9dec e-con-full e-flex e-con e-child\" data-id=\"64a9dec\" data-element_type=\"container\">\n\t\t\t\t<div class=\"elementor-element elementor-element-8077688 elementor-widget elementor-widget-image\" data-id=\"8077688\" data-element_type=\"widget\" data-widget_type=\"image.default\">\n\t\t\t\t\t\t\t\t\t\t\t\t\t\t\t<img decoding=\"async\" width=\"300\" height=\"236\" src=\"https:\/\/sm-fx.hclm49.fr\/wp-content\/uploads\/2025\/10\/meurtre-perrine-taunay-300x236.jpg\" class=\"attachment-medium size-medium wp-image-353\" alt=\"\" srcset=\"https:\/\/sm-fx.hclm49.fr\/wp-content\/uploads\/2025\/10\/meurtre-perrine-taunay-300x236.jpg 300w, https:\/\/sm-fx.hclm49.fr\/wp-content\/uploads\/2025\/10\/meurtre-perrine-taunay-768x603.jpg 768w, https:\/\/sm-fx.hclm49.fr\/wp-content\/uploads\/2025\/10\/meurtre-perrine-taunay.jpg 800w\" sizes=\"(max-width: 300px) 100vw, 300px\" \/>\t\t\t\t\t\t\t\t\t\t\t\t\t\t\t<\/div>\n\t\t\t\t<div class=\"elementor-element elementor-element-b94542a elementor-widget elementor-widget-heading\" data-id=\"b94542a\" data-element_type=\"widget\" data-widget_type=\"heading.default\">\n\t\t\t\t\t<h5 class=\"elementor-heading-title elementor-size-default\">Perrine Taunay (1746-1794)<\/h5>\t\t\t\t<\/div>\n\t\t\t\t<div class=\"elementor-element elementor-element-7a2bdb0 elementor-widget elementor-widget-text-editor\" data-id=\"7a2bdb0\" data-element_type=\"widget\" data-widget_type=\"text-editor.default\">\n\t\t\t\t\t\t\t\t\t<p>Perrine Taunay ou Taun\u00e9, \u00e9pouse de Jean Lecomte, a \u00e9t\u00e9 assassin\u00e9e en 1794 par des soldats venus s&#8217;approvisionner. Le constat effectu\u00e9 par J-B-M.Sortant est d\u00e9taill\u00e9.<\/p>\t\t\t\t\t\t\t\t<\/div>\n\t\t\t\t<div class=\"elementor-element elementor-element-7378e42 elementor-align-center elementor-widget elementor-widget-button\" data-id=\"7378e42\" data-element_type=\"widget\" data-widget_type=\"button.default\">\n\t\t\t\t\t\t\t\t\t\t<a class=\"elementor-button elementor-button-link elementor-size-sm\" href=\"https:\/\/sm-fx.hclm49.fr\/wp-content\/uploads\/2025\/10\/HCLM_B47_8_St-Martin-du-Fouilloux-bavure-sous-la-Revolution.pdf\" target=\"_blank\">\n\t\t\t\t\t\t<span class=\"elementor-button-content-wrapper\">\n\t\t\t\t\t\t\t\t\t<span class=\"elementor-button-text\">Pour en savoir plus<\/span>\n\t\t\t\t\t<\/span>\n\t\t\t\t\t<\/a>\n\t\t\t\t\t\t\t\t<\/div>\n\t\t\t\t<\/div>\n\t\t\t\t<\/div>\n\t\t\t\t\t<\/div>\n\t\t\t\t<\/div>\n\t\t\t\t<\/div>\n\t\t","protected":false},"excerpt":{"rendered":"<p>Portraits Personnages illustres ou simples habitants, d\u00e9couvrez la vie de celles et ceux qui ont fait notre village. Les curieux [&hellip;]<\/p>\n","protected":false},"author":1,"featured_media":0,"parent":0,"menu_order":0,"comment_status":"closed","ping_status":"closed","template":"","meta":{"site-sidebar-layout":"no-sidebar","site-content-layout":"","ast-site-content-layout":"full-width-container","site-content-style":"default","site-sidebar-style":"default","ast-global-header-display":"","ast-banner-title-visibility":"","ast-main-header-display":"","ast-hfb-above-header-display":"","ast-hfb-below-header-display":"","ast-hfb-mobile-header-display":"","site-post-title":"disabled","ast-breadcrumbs-content":"","ast-featured-img":"disabled","footer-sml-layout":"","theme-transparent-header-meta":"","adv-header-id-meta":"","stick-header-meta":"","header-above-stick-meta":"","header-main-stick-meta":"","header-below-stick-meta":"","astra-migrate-meta-layouts":"default","ast-page-background-enabled":"default","ast-page-background-meta":{"desktop":{"background-color":"var(--ast-global-color-5)","background-image":"","background-repeat":"repeat","background-position":"center center","background-size":"auto","background-attachment":"scroll","background-type":"","background-media":"","overlay-type":"","overlay-color":"","overlay-opacity":"","overlay-gradient":""},"tablet":{"background-color":"","background-image":"","background-repeat":"repeat","background-position":"center center","background-size":"auto","background-attachment":"scroll","background-type":"","background-media":"","overlay-type":"","overlay-color":"","overlay-opacity":"","overlay-gradient":""},"mobile":{"background-color":"","background-image":"","background-repeat":"repeat","background-position":"center center","background-size":"auto","background-attachment":"scroll","background-type":"","background-media":"","overlay-type":"","overlay-color":"","overlay-opacity":"","overlay-gradient":""}},"ast-content-background-meta":{"desktop":{"background-color":"var(--ast-global-color-4)","background-image":"","background-repeat":"repeat","background-position":"center center","background-size":"auto","background-attachment":"scroll","background-type":"","background-media":"","overlay-type":"","overlay-color":"","overlay-opacity":"","overlay-gradient":""},"tablet":{"background-color":"var(--ast-global-color-4)","background-image":"","background-repeat":"repeat","background-position":"center center","background-size":"auto","background-attachment":"scroll","background-type":"","background-media":"","overlay-type":"","overlay-color":"","overlay-opacity":"","overlay-gradient":""},"mobile":{"background-color":"var(--ast-global-color-4)","background-image":"","background-repeat":"repeat","background-position":"center center","background-size":"auto","background-attachment":"scroll","background-type":"","background-media":"","overlay-type":"","overlay-color":"","overlay-opacity":"","overlay-gradient":""}},"footnotes":""},"class_list":["post-259","page","type-page","status-publish","hentry"],"_links":{"self":[{"href":"https:\/\/sm-fx.hclm49.fr\/index.php\/wp-json\/wp\/v2\/pages\/259","targetHints":{"allow":["GET"]}}],"collection":[{"href":"https:\/\/sm-fx.hclm49.fr\/index.php\/wp-json\/wp\/v2\/pages"}],"about":[{"href":"https:\/\/sm-fx.hclm49.fr\/index.php\/wp-json\/wp\/v2\/types\/page"}],"author":[{"embeddable":true,"href":"https:\/\/sm-fx.hclm49.fr\/index.php\/wp-json\/wp\/v2\/users\/1"}],"replies":[{"embeddable":true,"href":"https:\/\/sm-fx.hclm49.fr\/index.php\/wp-json\/wp\/v2\/comments?post=259"}],"version-history":[{"count":55,"href":"https:\/\/sm-fx.hclm49.fr\/index.php\/wp-json\/wp\/v2\/pages\/259\/revisions"}],"predecessor-version":[{"id":366,"href":"https:\/\/sm-fx.hclm49.fr\/index.php\/wp-json\/wp\/v2\/pages\/259\/revisions\/366"}],"wp:attachment":[{"href":"https:\/\/sm-fx.hclm49.fr\/index.php\/wp-json\/wp\/v2\/media?parent=259"}],"curies":[{"name":"wp","href":"https:\/\/api.w.org\/{rel}","templated":true}]}}